{"id":798,"date":"2025-02-09T16:04:27","date_gmt":"2025-02-09T13:04:27","guid":{"rendered":"https:\/\/www.movers.ru\/relocation-services\/immobilien\/"},"modified":"2025-02-11T00:29:53","modified_gmt":"2025-02-10T21:29:53","slug":"immobilien","status":"publish","type":"page","link":"https:\/\/www.movers.ru\/de\/relocation-services\/immobilien\/","title":{"rendered":"Immobilien"},"content":{"rendered":"<p><div class=\"fusion-fullwidth fullwidth-box fusion-builder-row-1 fusion-flex-container nonhundred-percent-fullwidth non-hundred-percent-height-scrolling\" style=\"--awb-border-radius-top-left:0px;--awb-border-radius-top-right:0px;--awb-border-radius-bottom-right:0px;--awb-border-radius-bottom-left:0px;--awb-padding-top:10px;--awb-flex-wrap:wrap;\" ><div class=\"fusion-builder-row fusion-row fusion-flex-align-items-flex-start fusion-flex-content-wrap\" style=\"max-width:1248px;margin-left: calc(-4% \/ 2 );margin-right: calc(-4% \/ 2 );\"><div class=\"fusion-layout-column fusion_builder_column fusion-builder-column-0 fusion_builder_column_1_1 1_1 fusion-flex-column\" style=\"--awb-bg-size:cover;--awb-width-large:100%;--awb-margin-top-large:0px;--awb-spacing-right-large:1.92%;--awb-margin-bottom-large:20px;--awb-spacing-left-large:1.92%;--awb-width-medium:100%;--awb-order-medium:0;--awb-spacing-right-medium:1.92%;--awb-spacing-left-medium:1.92%;--awb-width-small:100%;--awb-order-small:0;--awb-spacing-right-small:1.92%;--awb-spacing-left-small:1.92%;\"><div class=\"fusion-column-wrapper fusion-column-has-shadow fusion-flex-justify-content-flex-start fusion-content-layout-column\"><div class=\"fusion-text fusion-text-1\"><h1 style=\"text-align: center;\">Immobilien<\/h1>\n<\/div><\/div><\/div><\/div><\/div><div class=\"fusion-fullwidth fullwidth-box fusion-builder-row-2 fusion-flex-container nonhundred-percent-fullwidth non-hundred-percent-height-scrolling\" style=\"--awb-border-radius-top-left:0px;--awb-border-radius-top-right:0px;--awb-border-radius-bottom-right:0px;--awb-border-radius-bottom-left:0px;--awb-flex-wrap:wrap;\" ><div class=\"fusion-builder-row fusion-row fusion-flex-align-items-flex-start fusion-flex-content-wrap\" style=\"max-width:1248px;margin-left: calc(-4% \/ 2 );margin-right: calc(-4% \/ 2 );\"><div class=\"fusion-layout-column fusion_builder_column fusion-builder-column-1 fusion_builder_column_1_2 1_2 fusion-flex-column\" style=\"--awb-bg-size:cover;--awb-width-large:50%;--awb-margin-top-large:0px;--awb-spacing-right-large:3.84%;--awb-margin-bottom-large:20px;--awb-spacing-left-large:3.84%;--awb-width-medium:50%;--awb-order-medium:0;--awb-spacing-right-medium:3.84%;--awb-spacing-left-medium:3.84%;--awb-width-small:100%;--awb-order-small:0;--awb-spacing-right-small:1.92%;--awb-spacing-left-small:1.92%;\"><div class=\"fusion-column-wrapper fusion-column-has-shadow fusion-flex-justify-content-flex-start fusion-content-layout-column\"><div class=\"fusion-text fusion-text-2\"><p>Die Suche nach einer geeigneten Wohnung geh\u00f6rt zu den kompliziertesten Aufgaben beim Umzug nach Moskau. Manchmal ist es einfacher, einen neuen Job als eine akzeptable Wohnung zu finden.<\/p>\n<p>Beim Umzug nach Moskau stehen die Ausl\u00e4nder in der Regel vor der Wahl, sich f\u00fcr eine Wohnung entweder in geschlossenen Wohnkomplexen exklusiv f\u00fcr Expats in teuren Bezirken oder eher f\u00fcr die traditionelle Variante in anderen Bezirken Moskaus zu entscheiden. Familien mit Kindern bevorzugen in der Regel die erste Option: In der N\u00e4he solcher Wohnkomplexe befinden sich meist internationale Schulen, medizinische Einrichtungen und Parks. Andere favorisieren eine Wohnung im Zentrum, innerhalb der Moskauer Ringstra\u00dfe, oder entscheiden sich f\u00fcr die eher \u201erussische\u201c Variante \u2013 f\u00fcr die vom Zentrum weiter entfernten Bezirke. Bei der Betrachtung der Wohnungsfrage in Moskau sollte man die Standorte Ihres B\u00fcros, von internationalen Schulen f\u00fcr Kinder und sonstigen t\u00e4glich besuchten Orten wie Einkaufszentren usw. ber\u00fccksichtigen. Der Weg zur Arbeit kostet in Moskau viel Zeit und Nerven, deshalb empfehlen wir Ihnen \u2013 um nicht t\u00e4glich vier Stunden im Stau zu verbringen -, sich ernsthaft mit der Frage der Standortwahl Ihrer Wohnung auseinanderzusetzen.<\/p>\n<\/div><\/div><\/div><div class=\"fusion-layout-column fusion_builder_column fusion-builder-column-2 fusion_builder_column_1_2 1_2 fusion-flex-column\" style=\"--awb-bg-size:cover;--awb-width-large:50%;--awb-margin-top-large:0px;--awb-spacing-right-large:3.84%;--awb-margin-bottom-large:20px;--awb-spacing-left-large:3.84%;--awb-width-medium:50%;--awb-order-medium:0;--awb-spacing-right-medium:3.84%;--awb-spacing-left-medium:3.84%;--awb-width-small:100%;--awb-order-small:0;--awb-spacing-right-small:1.92%;--awb-spacing-left-small:1.92%;\"><div class=\"fusion-column-wrapper fusion-column-has-shadow fusion-flex-justify-content-flex-start fusion-content-layout-column\"><div class=\"fusion-image-element \" style=\"text-align:center;--awb-caption-title-font-family:var(--h2_typography-font-family);--awb-caption-title-font-weight:var(--h2_typography-font-weight);--awb-caption-title-font-style:var(--h2_typography-font-style);--awb-caption-title-size:var(--h2_typography-font-size);--awb-caption-title-transform:var(--h2_typography-text-transform);--awb-caption-title-line-height:var(--h2_typography-line-height);--awb-caption-title-letter-spacing:var(--h2_typography-letter-spacing);\"><span class=\" fusion-imageframe imageframe-none imageframe-1 hover-type-none\"><img decoding=\"async\" width=\"780\" height=\"500\" title=\"IMS_Truck\" src=\"https:\/\/www.movers.ru\/wp-content\/uploads\/2021\/08\/IMS_Truck.jpg\" data-orig-src=\"https:\/\/www.movers.ru\/wp-content\/uploads\/2021\/08\/IMS_Truck.jpg\" alt class=\"lazyload img-responsive wp-image-729\" srcset=\"data:image\/svg+xml,%3Csvg%20xmlns%3D%27http%3A%2F%2Fwww.w3.org%2F2000%2Fsvg%27%20width%3D%27780%27%20height%3D%27500%27%20viewBox%3D%270%200%20780%20500%27%3E%3Crect%20width%3D%27780%27%20height%3D%27500%27%20fill-opacity%3D%220%22%2F%3E%3C%2Fsvg%3E\" data-srcset=\"https:\/\/www.movers.ru\/wp-content\/uploads\/2021\/08\/IMS_Truck-200x128.jpg 200w, https:\/\/www.movers.ru\/wp-content\/uploads\/2021\/08\/IMS_Truck-400x256.jpg 400w, https:\/\/www.movers.ru\/wp-content\/uploads\/2021\/08\/IMS_Truck-600x385.jpg 600w, https:\/\/www.movers.ru\/wp-content\/uploads\/2021\/08\/IMS_Truck.jpg 780w\" data-sizes=\"auto\" data-orig-sizes=\"(max-width: 640px) 100vw, 600px\" \/><\/span><\/div><\/div><\/div><\/div><\/div><div class=\"fusion-fullwidth fullwidth-box fusion-builder-row-3 fusion-flex-container hundred-percent-fullwidth non-hundred-percent-height-scrolling\" style=\"--awb-border-radius-top-left:0px;--awb-border-radius-top-right:0px;--awb-border-radius-bottom-right:0px;--awb-border-radius-bottom-left:0px;--awb-padding-top:0px;--awb-padding-right:0px;--awb-padding-bottom:0px;--awb-padding-left:0px;--awb-flex-wrap:wrap;\" ><div class=\"fusion-builder-row fusion-row fusion-flex-align-items-flex-start fusion-flex-content-wrap\" style=\"width:104% !important;max-width:104% !important;margin-left: calc(-4% \/ 2 );margin-right: calc(-4% \/ 2 );\"><div class=\"fusion-layout-column fusion_builder_column fusion-builder-column-3 fusion_builder_column_1_1 1_1 fusion-flex-column\" style=\"--awb-bg-size:cover;--awb-width-large:100%;--awb-margin-top-large:0px;--awb-spacing-right-large:0%;--awb-margin-bottom-large:0px;--awb-spacing-left-large:0%;--awb-width-medium:100%;--awb-order-medium:0;--awb-spacing-right-medium:0%;--awb-spacing-left-medium:0%;--awb-width-small:100%;--awb-order-small:0;--awb-spacing-right-small:1.92%;--awb-spacing-left-small:1.92%;\"><div class=\"fusion-column-wrapper fusion-column-has-shadow fusion-flex-justify-content-flex-start fusion-content-layout-column\"><div style=\"text-align:center;\"><a class=\"fusion-button button-flat button-xlarge button-default fusion-button-default button-1 fusion-button-default-span fusion-button-default-type custom-button\" style=\"--button_margin-top:0px;--button_margin-right:0px;--button_margin-bottom:0px;--button_margin-left:0px;width:calc(100% - 0px - 0px);\" target=\"_self\" href=\"https:\/\/www.movers.ru\/de\/kontakt\"><span class=\"fusion-button-text awb-button__text awb-button__text--default\">KONTAKTIEREN SIE UNS<\/span><\/a><\/div><\/div><\/div><\/div><\/div><\/p>\n","protected":false},"excerpt":{"rendered":"","protected":false},"author":1,"featured_media":0,"parent":797,"menu_order":0,"comment_status":"closed","ping_status":"closed","template":"100-width.php","meta":{"footnotes":""},"class_list":["post-798","page","type-page","status-publish","hentry"],"yoast_head":"<!-- This site is optimized with the Yoast SEO plugin v27.5 - https:\/\/yoast.com\/product\/yoast-seo-wordpress\/ -->\n<title>Immobilien - ims_ru (movers.ru)<\/title>\n<meta name=\"robots\" content=\"index, follow, max-snippet:-1, max-image-preview:large, max-video-preview:-1\" \/>\n<link rel=\"canonical\" href=\"https:\/\/www.movers.ru\/de\/relocation-services\/immobilien\/\" \/>\n<meta property=\"og:locale\" content=\"de_DE\" \/>\n<meta property=\"og:type\" content=\"article\" \/>\n<meta property=\"og:title\" content=\"Immobilien - ims_ru (movers.ru)\" \/>\n<meta property=\"og:url\" content=\"https:\/\/www.movers.ru\/de\/relocation-services\/immobilien\/\" \/>\n<meta property=\"og:site_name\" content=\"ims_ru (movers.ru)\" \/>\n<meta property=\"article:modified_time\" content=\"2025-02-10T21:29:53+00:00\" \/>\n<meta name=\"twitter:card\" content=\"summary_large_image\" \/>\n<meta name=\"twitter:label1\" content=\"Gesch\u00e4tzte Lesezeit\" \/>\n\t<meta name=\"twitter:data1\" content=\"1\u00a0Minute\" \/>\n<script type=\"application\/ld+json\" class=\"yoast-schema-graph\">{\"@context\":\"https:\\\/\\\/schema.org\",\"@graph\":[{\"@type\":\"WebPage\",\"@id\":\"https:\\\/\\\/www.movers.ru\\\/de\\\/relocation-services\\\/immobilien\\\/\",\"url\":\"https:\\\/\\\/www.movers.ru\\\/de\\\/relocation-services\\\/immobilien\\\/\",\"name\":\"Immobilien - ims_ru (movers.ru)\",\"isPartOf\":{\"@id\":\"https:\\\/\\\/www.movers.ru\\\/#website\"},\"datePublished\":\"2025-02-09T13:04:27+00:00\",\"dateModified\":\"2025-02-10T21:29:53+00:00\",\"breadcrumb\":{\"@id\":\"https:\\\/\\\/www.movers.ru\\\/de\\\/relocation-services\\\/immobilien\\\/#breadcrumb\"},\"inLanguage\":\"de\",\"potentialAction\":[{\"@type\":\"ReadAction\",\"target\":[\"https:\\\/\\\/www.movers.ru\\\/de\\\/relocation-services\\\/immobilien\\\/\"]}]},{\"@type\":\"BreadcrumbList\",\"@id\":\"https:\\\/\\\/www.movers.ru\\\/de\\\/relocation-services\\\/immobilien\\\/#breadcrumb\",\"itemListElement\":[{\"@type\":\"ListItem\",\"position\":1,\"name\":\"Startseite\",\"item\":\"https:\\\/\\\/www.movers.ru\\\/de\\\/\"},{\"@type\":\"ListItem\",\"position\":2,\"name\":\"Relocation Services\",\"item\":\"https:\\\/\\\/www.movers.ru\\\/de\\\/relocation-services\\\/\"},{\"@type\":\"ListItem\",\"position\":3,\"name\":\"Immobilien\"}]},{\"@type\":\"WebSite\",\"@id\":\"https:\\\/\\\/www.movers.ru\\\/#website\",\"url\":\"https:\\\/\\\/www.movers.ru\\\/\",\"name\":\"ims_ru (movers.ru)\",\"description\":\"\u0415\u0449\u0451 \u043e\u0434\u0438\u043d \u0441\u0430\u0439\u0442 \u043d\u0430 WordPress\",\"potentialAction\":[{\"@type\":\"SearchAction\",\"target\":{\"@type\":\"EntryPoint\",\"urlTemplate\":\"https:\\\/\\\/www.movers.ru\\\/?s={search_term_string}\"},\"query-input\":{\"@type\":\"PropertyValueSpecification\",\"valueRequired\":true,\"valueName\":\"search_term_string\"}}],\"inLanguage\":\"de\"}]}<\/script>\n<!-- \/ Yoast SEO plugin. -->","yoast_head_json":{"title":"Immobilien - ims_ru (movers.ru)","robots":{"index":"index","follow":"follow","max-snippet":"max-snippet:-1","max-image-preview":"max-image-preview:large","max-video-preview":"max-video-preview:-1"},"canonical":"https:\/\/www.movers.ru\/de\/relocation-services\/immobilien\/","og_locale":"de_DE","og_type":"article","og_title":"Immobilien - ims_ru (movers.ru)","og_url":"https:\/\/www.movers.ru\/de\/relocation-services\/immobilien\/","og_site_name":"ims_ru (movers.ru)","article_modified_time":"2025-02-10T21:29:53+00:00","twitter_card":"summary_large_image","twitter_misc":{"Gesch\u00e4tzte Lesezeit":"1\u00a0Minute"},"schema":{"@context":"https:\/\/schema.org","@graph":[{"@type":"WebPage","@id":"https:\/\/www.movers.ru\/de\/relocation-services\/immobilien\/","url":"https:\/\/www.movers.ru\/de\/relocation-services\/immobilien\/","name":"Immobilien - ims_ru (movers.ru)","isPartOf":{"@id":"https:\/\/www.movers.ru\/#website"},"datePublished":"2025-02-09T13:04:27+00:00","dateModified":"2025-02-10T21:29:53+00:00","breadcrumb":{"@id":"https:\/\/www.movers.ru\/de\/relocation-services\/immobilien\/#breadcrumb"},"inLanguage":"de","potentialAction":[{"@type":"ReadAction","target":["https:\/\/www.movers.ru\/de\/relocation-services\/immobilien\/"]}]},{"@type":"BreadcrumbList","@id":"https:\/\/www.movers.ru\/de\/relocation-services\/immobilien\/#breadcrumb","itemListElement":[{"@type":"ListItem","position":1,"name":"Startseite","item":"https:\/\/www.movers.ru\/de\/"},{"@type":"ListItem","position":2,"name":"Relocation Services","item":"https:\/\/www.movers.ru\/de\/relocation-services\/"},{"@type":"ListItem","position":3,"name":"Immobilien"}]},{"@type":"WebSite","@id":"https:\/\/www.movers.ru\/#website","url":"https:\/\/www.movers.ru\/","name":"ims_ru (movers.ru)","description":"\u0415\u0449\u0451 \u043e\u0434\u0438\u043d \u0441\u0430\u0439\u0442 \u043d\u0430 WordPress","potentialAction":[{"@type":"SearchAction","target":{"@type":"EntryPoint","urlTemplate":"https:\/\/www.movers.ru\/?s={search_term_string}"},"query-input":{"@type":"PropertyValueSpecification","valueRequired":true,"valueName":"search_term_string"}}],"inLanguage":"de"}]}},"_links":{"self":[{"href":"https:\/\/www.movers.ru\/de\/wp-json\/wp\/v2\/pages\/798","targetHints":{"allow":["GET"]}}],"collection":[{"href":"https:\/\/www.movers.ru\/de\/wp-json\/wp\/v2\/pages"}],"about":[{"href":"https:\/\/www.movers.ru\/de\/wp-json\/wp\/v2\/types\/page"}],"author":[{"embeddable":true,"href":"https:\/\/www.movers.ru\/de\/wp-json\/wp\/v2\/users\/1"}],"replies":[{"embeddable":true,"href":"https:\/\/www.movers.ru\/de\/wp-json\/wp\/v2\/comments?post=798"}],"version-history":[{"count":0,"href":"https:\/\/www.movers.ru\/de\/wp-json\/wp\/v2\/pages\/798\/revisions"}],"up":[{"embeddable":true,"href":"https:\/\/www.movers.ru\/de\/wp-json\/wp\/v2\/pages\/797"}],"wp:attachment":[{"href":"https:\/\/www.movers.ru\/de\/wp-json\/wp\/v2\/media?parent=798"}],"curies":[{"name":"wp","href":"https:\/\/api.w.org\/{rel}","templated":true}]}}